{"id":4094,"date":"2020-12-04T08:06:26","date_gmt":"2020-12-04T08:06:26","guid":{"rendered":"https:\/\/radikal-liquidationen.ch\/?page_id=4094"},"modified":"2022-08-11T12:59:05","modified_gmt":"2022-08-11T12:59:05","slug":"liquidationen-produkte","status":"publish","type":"page","link":"https:\/\/radikal-liquidationen.ch\/fr\/liquidationen-produkte\/","title":{"rendered":"Liquidations \/ Produits"},"content":{"rendered":"<p><div class=\"fusion-fullwidth fullwidth-box fusion-builder-row-1 fusion-flex-container nonhundred-percent-fullwidth non-hundred-percent-height-scrolling\" style=\"background-color: #ffffff;background-position: center center;background-repeat: no-repeat;border-width: 0px 0px 0px 0px;border-color:#e2e2e2;border-style:solid;\" ><div class=\"fusion-builder-row fusion-row fusion-flex-align-items-flex-start\" style=\"max-width:1248px;margin-left: calc(-4% \/ 2 );margin-right: calc(-4% \/ 2 );\"><div class=\"fusion-layout-column fusion_builder_column fusion-builder-column-0 fusion_builder_column_1_2 1_2 fusion-flex-column\"><div class=\"fusion-column-wrapper fusion-flex-justify-content-flex-start fusion-content-layout-column\" style=\"background-position:left top;background-repeat:no-repeat;-webkit-background-size:cover;-moz-background-size:cover;-o-background-size:cover;background-size:cover;padding: 0px 0px 0px 0px;\"><div class=\"fusion-content-boxes content-boxes columns row fusion-columns-1 fusion-columns-total-1 fusion-content-boxes-1 content-boxes-icon-with-title content-left\" data-animationOffset=\"100%\" style=\"margin-top:;margin-bottom:;\"><style type=\"text\/css\">.fusion-content-boxes-1 .heading .content-box-heading {color:#212934;}\n\t\t\t\t\t.fusion-content-boxes-1 .fusion-content-box-hover .link-area-link-icon-hover .heading .content-box-heading,\n\t\t\t\t\t.fusion-content-boxes-1 .fusion-content-box-hover .link-area-link-icon-hover .heading .heading-link .content-box-heading,\n\t\t\t\t\t.fusion-content-boxes-1 .fusion-content-box-hover .link-area-box-hover .heading .content-box-heading,\n\t\t\t\t\t.fusion-content-boxes-1 .fusion-content-box-hover .link-area-box-hover .heading .heading-link .content-box-heading,\n\t\t\t\t\t.fusion-content-boxes-1 .fusion-content-box-hover .link-area-link-icon-hover.link-area-box .fusion-read-more,\n\t\t\t\t\t.fusion-content-boxes-1 .fusion-content-box-hover .link-area-link-icon-hover.link-area-box .fusion-read-more::after,\n\t\t\t\t\t.fusion-content-boxes-1 .fusion-content-box-hover .link-area-link-icon-hover.link-area-box .fusion-read-more::before,\n\t\t\t\t\t.fusion-content-boxes-1 .fusion-content-box-hover .fusion-read-more:hover:after,\n\t\t\t\t\t.fusion-content-boxes-1 .fusion-content-box-hover .fusion-read-more:hover:before,\n\t\t\t\t\t.fusion-content-boxes-1 .fusion-content-box-hover .fusion-read-more:hover,\n\t\t\t\t\t.fusion-content-boxes-1 .fusion-content-box-hover .link-area-box-hover.link-area-box .fusion-read-more,\n\t\t\t\t\t.fusion-content-boxes-1 .fusion-content-box-hover .link-area-box-hover.link-area-box .fusion-read-more::after,\n\t\t\t\t\t.fusion-content-boxes-1 .fusion-content-box-hover .link-area-box-hover.link-area-box .fusion-read-more::before,\n\t\t\t\t\t.fusion-content-boxes-1 .fusion-content-box-hover .link-area-link-icon-hover .icon .circle-no,\n\t\t\t\t\t.fusion-content-boxes-1 .heading .heading-link:hover .content-box-heading {\n\t\t\t\t\t\tcolor: #65bc7b;\n\t\t\t\t\t}\n\t\t\t\t\t.fusion-content-boxes-1 .fusion-content-box-hover .link-area-box-hover .icon .circle-no {\n\t\t\t\t\t\tcolor: #65bc7b !important;\n\t\t\t\t\t}.fusion-content-boxes-1 .fusion-content-box-hover .link-area-box.link-area-box-hover .fusion-content-box-button {background: #5aa86c;color: #ffffff;}.fusion-content-boxes-1 .fusion-content-box-hover .link-area-box.link-area-box-hover .fusion-content-box-button .fusion-button-text {color: #ffffff;}\n\t\t\t\t\t.fusion-content-boxes-1 .fusion-content-box-hover .link-area-link-icon-hover .heading .icon > span {\n\t\t\t\t\t\tbackground-color: #65bc7b !important;\n\t\t\t\t\t}\n\t\t\t\t\t.fusion-content-boxes-1 .fusion-content-box-hover .link-area-box-hover .heading .icon > span {\n\t\t\t\t\t\tborder-color: #65bc7b !important;\n\t\t\t\t\t}<\/style><div class=\"fusion-column content-box-column content-box-column content-box-column-1 col-lg-12 col-md-12 col-sm-12 fusion-content-box-hover content-box-column-last content-box-column-last-in-row\"><div class=\"col content-box-wrapper content-wrapper link-area-link-icon content-icon-wrapper-yes icon-hover-animation-fade\" style=\"background-color:rgba(255,255,255,0);\" data-animationOffset=\"100%\"><div class=\"heading icon-left\"><h2 class=\"content-box-heading\" style=\"font-size:24px;line-height:29px;\">Que vendons-nous?<\/h2><\/div><div class=\"fusion-clearfix\"><\/div><div class=\"content-container\" style=\"color:#4a4e57;\">\n<p>Comme son nom l&rsquo;indique, une grande partie de l&rsquo;assortiment de RADIKAL LIQUIDATIONEN provient de faillites ou de surproductions. Telle une pochette surprise, vous trouverez un assortiment textile, sport, alimentaire et non alimentaire changeant hebdomadairement, enfin de tout, m\u00eame des articles de marque et un petit choix de produits frais et surgel\u00e9s. Un Journal publicitaire que vous trouverez trois fois par mois dans votre bo\u00eete aux lettres vous informe sur l&rsquo;offre vari\u00e9e et avantageuse.<\/p>\n<p><strong>RADIKAL LIQUIDATIONEN vend tout ce qu&rsquo;offre le march\u00e9 des bonnes affaires.<\/strong><\/p>\n<\/div><\/div><\/div><style type=\"text\/css\">\n\t\t\t\t\t\t.fusion-content-boxes-1 .fusion-content-box-hover .heading-link:hover .icon i.circle-yes,\n\t\t\t\t\t\t.fusion-content-boxes-1 .fusion-content-box-hover .link-area-box:hover .heading-link .icon i.circle-yes,\n\t\t\t\t\t\t.fusion-content-boxes-1 .fusion-content-box-hover .link-area-link-icon-hover .heading .icon i.circle-yes,\n\t\t\t\t\t\t.fusion-content-boxes-1 .fusion-content-box-hover .link-area-box-hover .heading .icon i.circle-yes {\n\t\t\t\t\t\t\tbackground-color: #65bc7b !important;\n\t\t\t\t\t\t\tborder-color: #65bc7b !important;\n\t\t\t\t\t\t}<\/style><div class=\"fusion-clearfix\"><\/div><\/div><\/div><style type=\"text\/css\">.fusion-body .fusion-builder-column-0{width:50% !important;margin-top : 0px;margin-bottom : 0px;}.fusion-builder-column-0 > .fusion-column-wrapper {padding-top : 0px !important;padding-right : 0px !important;margin-right : 0%;padding-bottom : 0px !important;padding-left : 0px !important;margin-left : 3.84%;}@media only screen and (max-width:1024px) {.fusion-body .fusion-builder-column-0{width:50% !important;}.fusion-builder-column-0 > .fusion-column-wrapper {margin-right : 0%;margin-left : 3.84%;}}@media only screen and (max-width:640px) {.fusion-body .fusion-builder-column-0{width:100% !important;}.fusion-builder-column-0 > .fusion-column-wrapper {margin-right : 1.92%;margin-left : 1.92%;}}<\/style><\/div><div class=\"fusion-layout-column fusion_builder_column fusion-builder-column-1 fusion_builder_column_1_4 1_4 fusion-flex-column fusion-no-small-visibility fusion-animated\" data-animationType=\"fadeInRight\" data-animationDuration=\"1.0\" data-animationOffset=\"100%\"><div class=\"fusion-column-wrapper fusion-flex-justify-content-flex-start fusion-content-layout-column\" style=\"background-position:left top;background-repeat:no-repeat;-webkit-background-size:cover;-moz-background-size:cover;-o-background-size:cover;background-size:cover;padding: 0px 0px 0px 0px;\"><div ><div class=\"imageframe-liftup\"><span class=\" fusion-imageframe imageframe-none imageframe-1\" style=\"border:10px solid #ffffff;\"><img decoding=\"async\" width=\"300\" height=\"199\" title=\"radikal_hp_2\" src=\"https:\/\/radikal-liquidationen.ch\/wp-content\/uploads\/2020\/09\/radikal_hp_2-300x199.jpg\" class=\"img-responsive wp-image-4073\" srcset=\"https:\/\/radikal-liquidationen.ch\/wp-content\/uploads\/2020\/09\/radikal_hp_2-200x133.jpg 200w, https:\/\/radikal-liquidationen.ch\/wp-content\/uploads\/2020\/09\/radikal_hp_2-400x266.jpg 400w, https:\/\/radikal-liquidationen.ch\/wp-content\/uploads\/2020\/09\/radikal_hp_2.jpg 500w\" sizes=\"(max-width: 640px) 100vw, 400px\" \/><\/span><\/div><\/div><div ><div class=\"imageframe-liftup\"><span class=\" fusion-imageframe imageframe-none imageframe-2\" style=\"border:10px solid #ffffff;\"><img decoding=\"async\" width=\"300\" height=\"199\" title=\"radikal_hp_5\" src=\"https:\/\/radikal-liquidationen.ch\/wp-content\/uploads\/2020\/09\/radikal_hp_5-300x199.jpg\" class=\"img-responsive wp-image-4076\" srcset=\"https:\/\/radikal-liquidationen.ch\/wp-content\/uploads\/2020\/09\/radikal_hp_5-200x133.jpg 200w, https:\/\/radikal-liquidationen.ch\/wp-content\/uploads\/2020\/09\/radikal_hp_5-400x266.jpg 400w, https:\/\/radikal-liquidationen.ch\/wp-content\/uploads\/2020\/09\/radikal_hp_5.jpg 500w\" sizes=\"(max-width: 640px) 100vw, 400px\" \/><\/span><\/div><\/div><\/div><style type=\"text\/css\">.fusion-body .fusion-builder-column-1{width:25% !important;margin-top : 0px;margin-bottom : 0px;}.fusion-builder-column-1 > .fusion-column-wrapper {padding-top : 0px !important;padding-right : 0px !important;margin-right : 7.68%;padding-bottom : 0px !important;padding-left : 0px !important;margin-left : 0%;}@media only screen and (max-width:1024px) {.fusion-body .fusion-builder-column-1{width:25% !important;order : 0;}.fusion-builder-column-1 > .fusion-column-wrapper {margin-right : 7.68%;margin-left : 0%;}}@media only screen and (max-width:640px) {.fusion-body .fusion-builder-column-1{width:100% !important;order : 0;}.fusion-builder-column-1 > .fusion-column-wrapper {margin-right : 1.92%;margin-left : 1.92%;}}<\/style><\/div><div class=\"fusion-layout-column fusion_builder_column fusion-builder-column-2 fusion_builder_column_1_4 1_4 fusion-flex-column fusion-no-small-visibility fusion-animated\" data-animationType=\"fadeInRight\" data-animationDuration=\"1.0\" data-animationOffset=\"100%\"><div class=\"fusion-column-wrapper fusion-flex-justify-content-flex-start fusion-content-layout-column\" style=\"background-position:left top;background-repeat:no-repeat;-webkit-background-size:cover;-moz-background-size:cover;-o-background-size:cover;background-size:cover;padding: 0px 0px 0px 0px;\"><div ><div class=\"imageframe-liftup\"><span class=\" fusion-imageframe imageframe-none imageframe-3\" style=\"border:10px solid #ffffff;\"><img decoding=\"async\" width=\"300\" height=\"199\" title=\"radikal_hp_4\" src=\"https:\/\/radikal-liquidationen.ch\/wp-content\/uploads\/2020\/09\/radikal_hp_4-300x199.jpg\" class=\"img-responsive wp-image-4077\" srcset=\"https:\/\/radikal-liquidationen.ch\/wp-content\/uploads\/2020\/09\/radikal_hp_4-200x133.jpg 200w, https:\/\/radikal-liquidationen.ch\/wp-content\/uploads\/2020\/09\/radikal_hp_4-400x266.jpg 400w, https:\/\/radikal-liquidationen.ch\/wp-content\/uploads\/2020\/09\/radikal_hp_4.jpg 500w\" sizes=\"(max-width: 640px) 100vw, 400px\" \/><\/span><\/div><\/div><div ><div class=\"imageframe-liftup\"><span class=\" fusion-imageframe imageframe-none imageframe-4\" style=\"border:10px solid #ffffff;\"><img decoding=\"async\" width=\"300\" height=\"199\" title=\"radikal_hp_6\" src=\"https:\/\/radikal-liquidationen.ch\/wp-content\/uploads\/2020\/09\/radikal_hp_6-300x199.jpg\" class=\"img-responsive wp-image-4075\" srcset=\"https:\/\/radikal-liquidationen.ch\/wp-content\/uploads\/2020\/09\/radikal_hp_6-200x133.jpg 200w, https:\/\/radikal-liquidationen.ch\/wp-content\/uploads\/2020\/09\/radikal_hp_6-400x266.jpg 400w, https:\/\/radikal-liquidationen.ch\/wp-content\/uploads\/2020\/09\/radikal_hp_6.jpg 500w\" sizes=\"(max-width: 640px) 100vw, 400px\" \/><\/span><\/div><\/div><\/div><style type=\"text\/css\">.fusion-body .fusion-builder-column-2{width:25% !important;margin-top : 0px;margin-bottom : 0px;}.fusion-builder-column-2 > .fusion-column-wrapper {padding-top : 0px !important;padding-right : 0px !important;margin-right : 7.68%;padding-bottom : 0px !important;padding-left : 0px !important;margin-left : 0%;}@media only screen and (max-width:1024px) {.fusion-body .fusion-builder-column-2{width:25% !important;order : 0;}.fusion-builder-column-2 > .fusion-column-wrapper {margin-right : 7.68%;margin-left : 0%;}}@media only screen and (max-width:640px) {.fusion-body .fusion-builder-column-2{width:100% !important;order : 0;}.fusion-builder-column-2 > .fusion-column-wrapper {margin-right : 1.92%;margin-left : 1.92%;}}<\/style><\/div><\/div><style type=\"text\/css\">.fusion-body .fusion-flex-container.fusion-builder-row-1{ padding-top : 6%;margin-top : 0px;padding-right : 0px;padding-bottom : 0px;margin-bottom : 0px;padding-left : 0px;}<\/style><\/div><div class=\"fusion-fullwidth fullwidth-box fusion-builder-row-2 fusion-flex-container nonhundred-percent-fullwidth non-hundred-percent-height-scrolling\" style=\"background-color: rgba(26,163,74,0.25);background-position: center center;background-repeat: no-repeat;border-width: 0px 0px 0px 0px;border-color:#e2e2e2;border-style:solid;\" ><div class=\"fusion-builder-row fusion-row fusion-flex-align-items-flex-start\" style=\"max-width:1248px;margin-left: calc(-4% \/ 2 );margin-right: calc(-4% \/ 2 );\"><div class=\"fusion-layout-column fusion_builder_column fusion-builder-column-3 fusion_builder_column_1_2 1_2 fusion-flex-column fusion-animated\" data-animationType=\"fadeInUp\" data-animationDuration=\"1.0\" data-animationOffset=\"100%\"><div class=\"fusion-column-wrapper fusion-flex-justify-content-flex-start fusion-content-layout-column\" style=\"background-position:left top;background-repeat:no-repeat;-webkit-background-size:cover;-moz-background-size:cover;-o-background-size:cover;background-size:cover;padding: 0px 0px 0px 0px;\"><div class=\"fusion-content-boxes content-boxes columns row fusion-columns-1 fusion-columns-total-1 fusion-content-boxes-2 content-boxes-icon-with-title content-left\" data-animationOffset=\"100%\" style=\"margin-top:;margin-bottom:;\"><style type=\"text\/css\">.fusion-content-boxes-2 .heading .content-box-heading {color:#212934;}\n\t\t\t\t\t.fusion-content-boxes-2 .fusion-content-box-hover .link-area-link-icon-hover .heading .content-box-heading,\n\t\t\t\t\t.fusion-content-boxes-2 .fusion-content-box-hover .link-area-link-icon-hover .heading .heading-link .content-box-heading,\n\t\t\t\t\t.fusion-content-boxes-2 .fusion-content-box-hover .link-area-box-hover .heading .content-box-heading,\n\t\t\t\t\t.fusion-content-boxes-2 .fusion-content-box-hover .link-area-box-hover .heading .heading-link .content-box-heading,\n\t\t\t\t\t.fusion-content-boxes-2 .fusion-content-box-hover .link-area-link-icon-hover.link-area-box .fusion-read-more,\n\t\t\t\t\t.fusion-content-boxes-2 .fusion-content-box-hover .link-area-link-icon-hover.link-area-box .fusion-read-more::after,\n\t\t\t\t\t.fusion-content-boxes-2 .fusion-content-box-hover .link-area-link-icon-hover.link-area-box .fusion-read-more::before,\n\t\t\t\t\t.fusion-content-boxes-2 .fusion-content-box-hover .fusion-read-more:hover:after,\n\t\t\t\t\t.fusion-content-boxes-2 .fusion-content-box-hover .fusion-read-more:hover:before,\n\t\t\t\t\t.fusion-content-boxes-2 .fusion-content-box-hover .fusion-read-more:hover,\n\t\t\t\t\t.fusion-content-boxes-2 .fusion-content-box-hover .link-area-box-hover.link-area-box .fusion-read-more,\n\t\t\t\t\t.fusion-content-boxes-2 .fusion-content-box-hover .link-area-box-hover.link-area-box .fusion-read-more::after,\n\t\t\t\t\t.fusion-content-boxes-2 .fusion-content-box-hover .link-area-box-hover.link-area-box .fusion-read-more::before,\n\t\t\t\t\t.fusion-content-boxes-2 .fusion-content-box-hover .link-area-link-icon-hover .icon .circle-no,\n\t\t\t\t\t.fusion-content-boxes-2 .heading .heading-link:hover .content-box-heading {\n\t\t\t\t\t\tcolor: #65bc7b;\n\t\t\t\t\t}\n\t\t\t\t\t.fusion-content-boxes-2 .fusion-content-box-hover .link-area-box-hover .icon .circle-no {\n\t\t\t\t\t\tcolor: #65bc7b !important;\n\t\t\t\t\t}.fusion-content-boxes-2 .fusion-content-box-hover .link-area-box.link-area-box-hover .fusion-content-box-button {background: #5aa86c;color: #ffffff;}.fusion-content-boxes-2 .fusion-content-box-hover .link-area-box.link-area-box-hover .fusion-content-box-button .fusion-button-text {color: #ffffff;}\n\t\t\t\t\t.fusion-content-boxes-2 .fusion-content-box-hover .link-area-link-icon-hover .heading .icon > span {\n\t\t\t\t\t\tbackground-color: #65bc7b !important;\n\t\t\t\t\t}\n\t\t\t\t\t.fusion-content-boxes-2 .fusion-content-box-hover .link-area-box-hover .heading .icon > span {\n\t\t\t\t\t\tborder-color: #65bc7b !important;\n\t\t\t\t\t}<\/style><div class=\"fusion-column content-box-column content-box-column content-box-column-1 col-lg-12 col-md-12 col-sm-12 fusion-content-box-hover content-box-column-last content-box-column-last-in-row\"><div class=\"col content-box-wrapper content-wrapper link-area-link-icon content-icon-wrapper-yes icon-hover-animation-fade\" style=\"background-color:rgba(255,255,255,0);\" data-animationOffset=\"100%\"><div class=\"heading icon-left\"><h2 class=\"content-box-heading\" style=\"font-size:24px;line-height:29px;\">Que cherchons-nous?<\/h2><\/div><div class=\"fusion-clearfix\"><\/div><div class=\"content-container\" style=\"color:#4a4e57;\">\n<p>Vous ne devez pas attendre les soldes, chez nous il y a toujours quelque chose \u00e0 d&rsquo;couvrir!<\/p>\n<p>Vous avez des marchandises dont vous ne savez pas quoi faire. Adressez vos offres \u00e0 <a href=\"mailto:info@radikal-liquidationen.ch\">info@radikal-liquidationen.ch<\/a>. Nos acheteurs de longue date disposent d&rsquo;une grande exp\u00e9rience dans le domaine des faillites et des liquidations et examineront volontiers vos articles sur place.<\/p>\n<p>Nous assurons un traitement rapide.<\/p>\n<\/div><\/div><\/div><style type=\"text\/css\">\n\t\t\t\t\t\t.fusion-content-boxes-2 .fusion-content-box-hover .heading-link:hover .icon i.circle-yes,\n\t\t\t\t\t\t.fusion-content-boxes-2 .fusion-content-box-hover .link-area-box:hover .heading-link .icon i.circle-yes,\n\t\t\t\t\t\t.fusion-content-boxes-2 .fusion-content-box-hover .link-area-link-icon-hover .heading .icon i.circle-yes,\n\t\t\t\t\t\t.fusion-content-boxes-2 .fusion-content-box-hover .link-area-box-hover .heading .icon i.circle-yes {\n\t\t\t\t\t\t\tbackground-color: #65bc7b !important;\n\t\t\t\t\t\t\tborder-color: #65bc7b !important;\n\t\t\t\t\t\t}<\/style><div class=\"fusion-clearfix\"><\/div><\/div><\/div><style type=\"text\/css\">.fusion-body .fusion-builder-column-3{width:50% !important;margin-top : 0px;margin-bottom : 20px;}.fusion-builder-column-3 > .fusion-column-wrapper {padding-top : 0px !important;padding-right : 0px !important;margin-right : 3.84%;padding-bottom : 0px !important;padding-left : 0px !important;margin-left : 3.84%;}@media only screen and (max-width:1024px) {.fusion-body .fusion-builder-column-3{width:50% !important;}.fusion-builder-column-3 > .fusion-column-wrapper {margin-right : 3.84%;margin-left : 3.84%;}}@media only screen and (max-width:640px) {.fusion-body .fusion-builder-column-3{width:100% !important;}.fusion-builder-column-3 > .fusion-column-wrapper {margin-right : 1.92%;margin-left : 1.92%;}}<\/style><\/div><div class=\"fusion-layout-column fusion_builder_column fusion-builder-column-4 fusion_builder_column_1_2 1_2 fusion-flex-column fusion-no-small-visibility fusion-animated\" data-animationType=\"fadeInUp\" data-animationDuration=\"1.0\" data-animationOffset=\"100%\"><div class=\"fusion-column-wrapper fusion-flex-justify-content-flex-start fusion-content-layout-column\" style=\"background-position:left top;background-repeat:no-repeat;-webkit-background-size:cover;-moz-background-size:cover;-o-background-size:cover;background-size:cover;padding: 0px 0px 0px 0px;\"><div ><span class=\" fusion-imageframe imageframe-none imageframe-5 hover-type-none\"><img decoding=\"async\" width=\"2560\" height=\"1278\" title=\"mehr_fuer_weniger_2560x1278_12\" src=\"https:\/\/radikal-liquidationen.ch\/wp-content\/uploads\/2020\/09\/mehr_fuer_weniger_2560x1278_12.jpg\" class=\"img-responsive wp-image-4078\" srcset=\"https:\/\/radikal-liquidationen.ch\/wp-content\/uploads\/2020\/09\/mehr_fuer_weniger_2560x1278_12-200x100.jpg 200w, https:\/\/radikal-liquidationen.ch\/wp-content\/uploads\/2020\/09\/mehr_fuer_weniger_2560x1278_12-400x200.jpg 400w, https:\/\/radikal-liquidationen.ch\/wp-content\/uploads\/2020\/09\/mehr_fuer_weniger_2560x1278_12-600x300.jpg 600w, https:\/\/radikal-liquidationen.ch\/wp-content\/uploads\/2020\/09\/mehr_fuer_weniger_2560x1278_12-800x399.jpg 800w, https:\/\/radikal-liquidationen.ch\/wp-content\/uploads\/2020\/09\/mehr_fuer_weniger_2560x1278_12-1200x599.jpg 1200w, https:\/\/radikal-liquidationen.ch\/wp-content\/uploads\/2020\/09\/mehr_fuer_weniger_2560x1278_12.jpg 2560w\" sizes=\"(max-width: 640px) 100vw, 600px\" \/><\/span><\/div><\/div><style type=\"text\/css\">.fusion-body .fusion-builder-column-4{width:50% !important;margin-top : 0px;margin-bottom : 20px;}.fusion-builder-column-4 > .fusion-column-wrapper {padding-top : 0px !important;padding-right : 0px !important;margin-right : 3.84%;padding-bottom : 0px !important;padding-left : 0px !important;margin-left : 3.84%;}@media only screen and (max-width:1024px) {.fusion-body .fusion-builder-column-4{width:50% !important;order : 0;}.fusion-builder-column-4 > .fusion-column-wrapper {margin-right : 3.84%;margin-left : 3.84%;}}@media only screen and (max-width:640px) {.fusion-body .fusion-builder-column-4{width:100% !important;order : 0;}.fusion-builder-column-4 > .fusion-column-wrapper {margin-right : 1.92%;margin-left : 1.92%;}}<\/style><\/div><\/div><style type=\"text\/css\">.fusion-body .fusion-flex-container.fusion-builder-row-2{ padding-top : 6%;margin-top : 0px;padding-right : 0px;padding-bottom : 6%;margin-bottom : 0px;padding-left : 0px;}<\/style><\/div><\/p>\n","protected":false},"excerpt":{"rendered":"","protected":false},"author":2,"featured_media":0,"parent":0,"menu_order":0,"comment_status":"closed","ping_status":"closed","template":"100-width.php","meta":{"footnotes":""},"jetpack_sharing_enabled":true,"_links":{"self":[{"href":"https:\/\/radikal-liquidationen.ch\/fr\/wp-json\/wp\/v2\/pages\/4094"}],"collection":[{"href":"https:\/\/radikal-liquidationen.ch\/fr\/wp-json\/wp\/v2\/pages"}],"about":[{"href":"https:\/\/radikal-liquidationen.ch\/fr\/wp-json\/wp\/v2\/types\/page"}],"author":[{"embeddable":true,"href":"https:\/\/radikal-liquidationen.ch\/fr\/wp-json\/wp\/v2\/users\/2"}],"replies":[{"embeddable":true,"href":"https:\/\/radikal-liquidationen.ch\/fr\/wp-json\/wp\/v2\/comments?post=4094"}],"version-history":[{"count":11,"href":"https:\/\/radikal-liquidationen.ch\/fr\/wp-json\/wp\/v2\/pages\/4094\/revisions"}],"predecessor-version":[{"id":4796,"href":"https:\/\/radikal-liquidationen.ch\/fr\/wp-json\/wp\/v2\/pages\/4094\/revisions\/4796"}],"wp:attachment":[{"href":"https:\/\/radikal-liquidationen.ch\/fr\/wp-json\/wp\/v2\/media?parent=4094"}],"curies":[{"name":"wp","href":"https:\/\/api.w.org\/{rel}","templated":true}]}}